{"id":884,"date":"2022-10-04T12:07:03","date_gmt":"2022-10-04T10:07:03","guid":{"rendered":"https:\/\/arm.assisi-spa.it\/durabilite\/"},"modified":"2025-10-16T12:35:27","modified_gmt":"2025-10-16T10:35:27","slug":"durabilite","status":"publish","type":"page","link":"https:\/\/www.assisi-spa.it\/fr\/durabilite\/","title":{"rendered":"Durabilit\u00e9"},"content":{"rendered":"\n<p>La durabilit\u00e9 au c\u0153ur de votre processus de croissance<\/p>\n\n\n\n<!--more-->\n\n\n\n<p>Le groupe ADH a toujours plac\u00e9 la durabilit\u00e9 au c\u0153ur de sa d\u00e9marche de croissance, par le biais de politiques d&#8217;entreprise visant \u00e0 poursuivre des objectifs concrets dans les domaines de la gouvernance, de l&#8217;environnement et de la soci\u00e9t\u00e9. L&#8217;approche syst\u00e9mique, inclusive et transparente adopt\u00e9e permet \u00e0 Assisi Raffineria Metalli et \u00e0 Assisi Recycling Maclodio de travailler constamment en \u00e9troite collaboration avec toutes leurs parties prenantes afin de coupler croissance \u00e9conomique, protection de l&#8217;environnement et respect de la soci\u00e9t\u00e9.<\/p>\n\n\n\n<p>Depuis 2022, le Groupe ADH a d\u00e9cid\u00e9 de rendre compte de ses activit\u00e9s et de ses r\u00e9sultats, dans une fili\u00e8re de production de qualit\u00e9 et de plus en plus respectueuse de l&#8217;environnement et des personnes.<\/p>\n\n\n\n<div style=\"height:20px\" aria-hidden=\"true\" class=\"wp-block-spacer\"><\/div>\n\n\n\r\n\t\t<div  class=\"block-51aad62b-b8bf-4dfd-bebf-413bd223027c row areoi-element\">\r\n\t\t\t\r\n\r\n\t\t\t\n\r\n\t\t<div  class=\"block-a86ba5c9-2a7f-435c-affc-c7a8813b6fcf col areoi-element text-center\">\r\n\t\t\t\r\n\t\t\t\n\r\n\t\t\t\t\r\n\t\t<a \r\n\t\t\t\r\n\t\t\tclass=\"block-a5e01230-bc98-42ad-b642-fafe2c360745 btn areoi-has-url position-relative rounded-pill text-uppercase mb-3 btn-outline-light Medium\"\r\n\t href=\"https:\/\/www.assisi-spa.it\/wp-content\/uploads\/2025\/10\/ADH-BdS-2024-ENG-WEB.pdf\" rel=\"noreferrer noopener\" target=\"_blank\" >\r\n\t\t\t\t\t\r\n\t\t\t\t\tRAPPORT DE D\u00c9VELOPPEMENT DURABLE 2024 \r\n\t\t\t\t\t\r\n\t\t\t<i class=\"bi-download ms-3 align-middle \" style=\"font-size: 24px;\"><\/i>\r\n\t\t\r\n\t\t\t\t\t \r\n\t\t\t\t<\/a>\r\n\t\t\t\n \r\n\t\t\t\r\n\t\t<\/div>\r\n\t\n\n\r\n\t\t<div  class=\"block-ab4cc310-972d-4c70-8a74-e872293afac3 col areoi-element text-center\">\r\n\t\t\t\r\n\t\t\t\n\r\n\t\t\t\t\r\n\t\t<a \r\n\t\t\t\r\n\t\t\tclass=\"block-41f3577e-de5d-4d37-bd5f-ede9d797d3f6 btn areoi-has-url position-relative rounded-pill text-uppercase mb-3 btn-outline-light Medium\"\r\n\t href=\"https:\/\/www.assisi-spa.it\/wp-content\/uploads\/2025\/10\/ADH_SLIDES-Report-Sostenibilita-2024-ENG.pdf\" rel=\"noreferrer noopener\" target=\"_blank\" >\r\n\t\t\t\t\t\r\n\t\t\t\t\tHIGHLIGHTS 2024 \r\n\t\t\t\t\t\r\n\t\t\t<i class=\"bi-download ms-3 align-middle \" style=\"font-size: 24px;\"><\/i>\r\n\t\t\r\n\t\t\t\t\t \r\n\t\t\t\t<\/a>\r\n\t\t\t\n \r\n\t\t\t\r\n\t\t<\/div>\r\n\t\n\n\r\n\t\t<div  class=\"block-2fd60186-dc98-439f-a736-6640e8f2648d col areoi-element text-center\">\r\n\t\t\t\r\n\t\t\t\n\r\n\t\t\t\t\r\n\t\t<a \r\n\t\t\t\r\n\t\t\tclass=\"block-e6baa6e5-2a69-4cf2-ad64-80453eefff51 btn areoi-has-url position-relative rounded-pill text-uppercase mb-3 btn-outline-light Medium\"\r\n\t href=\"https:\/\/www.assisi-spa.it\/wp-content\/uploads\/2024\/09\/adh-bilancio-2023-eng-web-aff.pdf\" rel=\"noreferrer noopener\" target=\"_blank\" >\r\n\t\t\t\t\t\r\n\t\t\t\t\tARCHIVE \r\n\t\t\t\t\t\r\n\t\t\t<i class=\"bi-download ms-3 align-middle \" style=\"font-size: 24px;\"><\/i>\r\n\t\t\r\n\t\t\t\t\t \r\n\t\t\t\t<\/a>\r\n\t\t\t\n \r\n\t\t\t\r\n\t\t<\/div>\r\n\t\n \r\n\t\t<\/div>\r\n\t\n\n\n<div style=\"height:20px\" aria-hidden=\"true\" class=\"wp-block-spacer\"><\/div>\n\n\n\n<h2 class=\"wp-block-heading\" style=\"font-size:24px\">Nos certifications<\/h2>\n\n\n\n<div style=\"height:30px\" aria-hidden=\"true\" class=\"wp-block-spacer\"><\/div>\n\n\n\r\n\t\t<div  class=\"block-51aad62b-b8bf-4dfd-bebf-413bd223027c row areoi-element\">\r\n\t\t\t\r\n\r\n\t\t\t\n\r\n\t\t<div  class=\"block-a86ba5c9-2a7f-435c-affc-c7a8813b6fcf col areoi-element text-center\">\r\n\t\t\t\r\n\t\t\t\n\n<figure class=\"wp-block-image size-full\"><img loading=\"lazy\" decoding=\"async\" width=\"120\" height=\"120\" src=\"https:\/\/www.assisi-spa.it\/wp-content\/uploads\/2024\/07\/14001-ITA.png\" alt=\"\" class=\"wp-image-2533\"\/><\/figure>\n\n\n\r\n\t\t\t\t\r\n\t\t<a \r\n\t\t\t\r\n\t\t\tclass=\"block-a5e01230-bc98-42ad-b642-fafe2c360745 btn areoi-has-url position-relative rounded-pill text-uppercase mb-3 mx-auto btn-outline-light Medium\"\r\n\t href=\"https:\/\/assisi-spa.it\/wp-content\/uploads\/2024\/02\/Certificato-20517.pdf\" rel=\"noreferrer noopener\" target=\"_blank\" >\r\n\t\t\t\t\t\r\n\t\t\t\t\tISO 14001 \r\n\t\t\t\t\t\r\n\t\t\t<i class=\"bi-download ms-3 align-middle \" style=\"font-size: 24px;\"><\/i>\r\n\t\t\r\n\t\t\t\t\t \r\n\t\t\t\t<\/a>\r\n\t\t\t\n\n\r\n\t\t\t\t\r\n\t\t<a \r\n\t\t\t\r\n\t\t\tclass=\"block-5c0ca4b5-dcf5-4d8b-be2a-9c6e20aaeb30 btn areoi-has-url position-relative rounded-pill text-uppercase mb-3 btn-outline-light Medium\"\r\n\t href=\"https:\/\/assisi-spa.it\/wp-content\/uploads\/2024\/02\/ATTO_3725_2023_timbro.pdf\" rel=\"noreferrer noopener\" target=\"_blank\" >\r\n\t\t\t\t\t\r\n\t\t\t\t\tAtto Dirigenziale n. 3725 \r\n\t\t\t\t\t\r\n\t\t\t<i class=\"bi-download ms-3 align-middle \" style=\"font-size: 24px;\"><\/i>\r\n\t\t\r\n\t\t\t\t\t \r\n\t\t\t\t<\/a>\r\n\t\t\t\n \r\n\t\t\t\r\n\t\t<\/div>\r\n\t\n\n\r\n\t\t<div  class=\"block-ab4cc310-972d-4c70-8a74-e872293afac3 col areoi-element text-center\">\r\n\t\t\t\r\n\t\t\t\n\n<figure class=\"wp-block-image size-full text-center\"><img loading=\"lazy\" decoding=\"async\" width=\"120\" height=\"120\" src=\"https:\/\/www.assisi-spa.it\/wp-content\/uploads\/2024\/07\/9001-ITA.png\" alt=\"\" class=\"wp-image-2529\"\/><\/figure>\n\n\n\r\n\t\t\t\t\r\n\t\t<a \r\n\t\t\t\r\n\t\t\tclass=\"block-6ebd7256-568a-44c7-bd1a-5cb2f6511c61 btn areoi-has-url position-relative rounded-pill text-uppercase mb-3  mx-auto btn-outline-light Medium\"\r\n\t href=\"https:\/\/assisi-spa.it\/wp-content\/uploads\/2024\/02\/Certificato-17971.pdf\" rel=\"noreferrer noopener\" target=\"_blank\" >\r\n\t\t\t\t\t\r\n\t\t\t\t\tISO 9001 \r\n\t\t\t\t\t\r\n\t\t\t<i class=\"bi-download ms-3 align-middle \" style=\"font-size: 24px;\"><\/i>\r\n\t\t\r\n\t\t\t\t\t \r\n\t\t\t\t<\/a>\r\n\t\t\t\n\n\r\n\t\t\t\t\r\n\t\t<a \r\n\t\t\t\r\n\t\t\tclass=\"block-e48aec7e-97a8-4925-a16d-c46635cf0a86 btn areoi-has-url position-relative rounded-pill text-uppercase mb-3 btn-outline-light Medium\"\r\n\t href=\"https:\/\/www.assisi-spa.it\/wp-content\/uploads\/2025\/03\/Certificato-N.23522-Regolamento-UE-n.333-2011-2025.pdf\" rel=\"noreferrer noopener\" target=\"_blank\" >\r\n\t\t\t\t\t\r\n\t\t\t\t\tR\u00e8glement UE n.333-2011 \r\n\t\t\t\t\t\r\n\t\t\t<i class=\"bi-download ms-3 align-middle \" style=\"font-size: 24px;\"><\/i>\r\n\t\t\r\n\t\t\t\t\t \r\n\t\t\t\t<\/a>\r\n\t\t\t\n \r\n\t\t\t\r\n\t\t<\/div>\r\n\t\n\n\r\n\t\t<div  class=\"block-a86ba5c9-2a7f-435c-affc-c7a8813b6fcf col areoi-element\">\r\n\t\t\t\r\n\t\t\t\n\n<figure class=\"wp-block-image size-full text-center\"><img loading=\"lazy\" decoding=\"async\" width=\"84\" height=\"86\" src=\"https:\/\/assisi-spa.it\/wp-content\/uploads\/2024\/02\/Logo-IGQ.png\" alt=\"\" class=\"wp-image-2172\"\/><\/figure>\n\n \r\n\t\t\t\r\n\t\t<\/div>\r\n\t\n \r\n\t\t<\/div>\r\n\t\n\n\n<p><\/p>\n","protected":false},"excerpt":{"rendered":"<p>La durabilit\u00e9 au c\u0153ur de votre processus de croissance<\/p>\n","protected":false},"author":1,"featured_media":0,"parent":0,"menu_order":4,"comment_status":"closed","ping_status":"closed","template":"","meta":{"footnotes":""},"class_list":["post-884","page","type-page","status-publish","hentry"],"_links":{"self":[{"href":"https:\/\/www.assisi-spa.it\/fr\/wp-json\/wp\/v2\/pages\/884","targetHints":{"allow":["GET"]}}],"collection":[{"href":"https:\/\/www.assisi-spa.it\/fr\/wp-json\/wp\/v2\/pages"}],"about":[{"href":"https:\/\/www.assisi-spa.it\/fr\/wp-json\/wp\/v2\/types\/page"}],"author":[{"embeddable":true,"href":"https:\/\/www.assisi-spa.it\/fr\/wp-json\/wp\/v2\/users\/1"}],"replies":[{"embeddable":true,"href":"https:\/\/www.assisi-spa.it\/fr\/wp-json\/wp\/v2\/comments?post=884"}],"version-history":[{"count":35,"href":"https:\/\/www.assisi-spa.it\/fr\/wp-json\/wp\/v2\/pages\/884\/revisions"}],"predecessor-version":[{"id":2721,"href":"https:\/\/www.assisi-spa.it\/fr\/wp-json\/wp\/v2\/pages\/884\/revisions\/2721"}],"wp:attachment":[{"href":"https:\/\/www.assisi-spa.it\/fr\/wp-json\/wp\/v2\/media?parent=884"}],"curies":[{"name":"wp","href":"https:\/\/api.w.org\/{rel}","templated":true}]}}