{"id":2422,"date":"2022-10-04T12:06:23","date_gmt":"2022-10-04T10:06:23","guid":{"rendered":"https:\/\/www.assisi-spa.it\/produits\/"},"modified":"2024-03-05T12:51:42","modified_gmt":"2024-03-05T11:51:42","slug":"produits","status":"publish","type":"page","link":"https:\/\/www.assisi-spa.it\/fr\/produits\/","title":{"rendered":"Produits"},"content":{"rendered":"\n<p>Un service complet en plus de l&#8217;aluminium<\/p>\n\n<!--more-->\n\n<p>L&#8217;offre comprend des d\u00e9bris et de l\u2019aluminium primaire et secondaire en fin de vie, broy\u00e9s, flott\u00e9s et s\u00e9ch\u00e9s, tels que des plaques, des profil\u00e9s, des carters, des bo\u00eetes en fer-blanc, des radiateurs et tout ce qui s\u2019av\u00e8re n\u00e9cessaire \u00e0 la production de lingots primaires et secondaires, de billettes et de pi\u00e8ces moul\u00e9es. En utilisant la s\u00e9paration aux rayons X, ARM produit de l&#8217;aluminium flott\u00e9 de haute qualit\u00e9 pour les raffineries et les fonderies.<\/p>\n\r\n\t\t<div  class=\"block-504ec2df-d343-4e4a-acb8-fd56f6607b56 row areoi-element\">\r\n\t\t\t\r\n\r\n\t\t\t\n\r\n\t\t<div  class=\"block-4408ffe2-485d-4c3b-b276-8faf8e85b063 col areoi-element\">\r\n\t\t\t\r\n\t\t\t\n\n<ul class=\"wp-block-list\">\n<li>FERRAILLE NON FERREUSE<\/li>\n\n\n\n<li>FERRAILLE NON FERREUSE ANCIEN INCIN\u00c9RATEUR<\/li>\n\n\n\n<li>CARTER \/ PLAQUE \/ AGR\u00c9GATS D\u2019ALUMINIUM<\/li>\n\n\n\n<li>PROFIL\u00c9S<\/li>\n\n\n\n<li>M\u00c9TAUX MIXTES<\/li>\n\n\n\n<li>D\u00c9CHETS D\u2019USINAGE<\/li>\n<\/ul>\n\n \r\n\t\t\t\r\n\t\t<\/div>\r\n\t\n\n\r\n\t\t<div  class=\"block-ad315540-390a-441f-88bb-39a0ffb7fba7 col areoi-element\">\r\n\t\t\t\r\n\t\t\t\n\n<ul class=\"wp-block-list\">\n<li>MOTEURS DE VOITURES<\/li>\n\n\n\n<li>JANTES EN ALUMINIUM<\/li>\n\n\n\n<li>RADIATEURS EN ALUMINIUM ET CUIVRE<\/li>\n\n\n\n<li>TOURNAGE D\u2019ALUMINIUM<\/li>\n\n\n\n<li>&#8230; &#8230;ET BIEN D&#8217;AUTRES ENCORE ! CONTACTEZ-NOUS<br\/><a href=\"mailto:acquisti@assisi-spa.it\">acquisti@assisi-spa.it<\/a><\/li>\n<\/ul>\n\n \r\n\t\t\t\r\n\t\t<\/div>\r\n\t\n \r\n\t\t<\/div>\r\n\t","protected":false},"excerpt":{"rendered":"<p>Un service complet en plus de l&#8217;aluminium<\/p>\n","protected":false},"author":1,"featured_media":0,"parent":0,"menu_order":3,"comment_status":"closed","ping_status":"closed","template":"","meta":{"footnotes":""},"class_list":["post-2422","page","type-page","status-publish","hentry"],"_links":{"self":[{"href":"https:\/\/www.assisi-spa.it\/fr\/wp-json\/wp\/v2\/pages\/2422","targetHints":{"allow":["GET"]}}],"collection":[{"href":"https:\/\/www.assisi-spa.it\/fr\/wp-json\/wp\/v2\/pages"}],"about":[{"href":"https:\/\/www.assisi-spa.it\/fr\/wp-json\/wp\/v2\/types\/page"}],"author":[{"embeddable":true,"href":"https:\/\/www.assisi-spa.it\/fr\/wp-json\/wp\/v2\/users\/1"}],"replies":[{"embeddable":true,"href":"https:\/\/www.assisi-spa.it\/fr\/wp-json\/wp\/v2\/comments?post=2422"}],"version-history":[{"count":1,"href":"https:\/\/www.assisi-spa.it\/fr\/wp-json\/wp\/v2\/pages\/2422\/revisions"}],"predecessor-version":[{"id":2423,"href":"https:\/\/www.assisi-spa.it\/fr\/wp-json\/wp\/v2\/pages\/2422\/revisions\/2423"}],"wp:attachment":[{"href":"https:\/\/www.assisi-spa.it\/fr\/wp-json\/wp\/v2\/media?parent=2422"}],"curies":[{"name":"wp","href":"https:\/\/api.w.org\/{rel}","templated":true}]}}