{"id":2419,"date":"2022-10-04T12:05:32","date_gmt":"2022-10-04T10:05:32","guid":{"rendered":"https:\/\/www.assisi-spa.it\/filiere\/"},"modified":"2026-01-23T10:31:19","modified_gmt":"2026-01-23T09:31:19","slug":"filiere","status":"publish","type":"page","link":"https:\/\/www.assisi-spa.it\/fr\/filiere\/","title":{"rendered":"FILI\u00c8RE"},"content":{"rendered":"<h3>Une r\u00e9f\u00e9rence dans le secteur<br \/><!--more--><\/h3>\n\n\n<p>Assisi Raffineria Metalli est une r\u00e9f\u00e9rence dans la fili\u00e8re des m\u00e9taux non ferreux. L&#8217;industrialisation de la s\u00e9lection et du tri des mati\u00e8res premi\u00e8res, en s\u2019ins\u00e9rant dans les flux internationaux, repr\u00e9sente le premier p\u00f4le \u00e0 m\u00eame de valoriser l&#8217;ensemble de la fili\u00e8re m\u00e9tallurgique.<\/p>\n\n\n\n<p>Pr\u00e9sente sur les march\u00e9s mondiaux avec des installations et une structure organisationnelle modernes, et forte d&#8217;une exp\u00e9rience de plus d&#8217;un demi-si\u00e8cle, ARM joue l\u2019important r\u00f4le de pivot, capable de lancer des cycles de production tout en donnant une nouvelle vie au m\u00e9tal.<\/p>\n\n\n\n<h3 class=\"wp-block-heading\">Technologie et qualit\u00e9 pour la fili\u00e8re contr\u00f4l\u00e9e<\/h3>\n\n\n\n<p>ARM collecte et s\u00e9lectionne l&#8217;aluminium pour l&#8217;envoyer vers des process de raffinage ou de fusion afin d&#8217;offrir \u00e0 ses clients la meilleure combinaison possible de qualit\u00e9, d&#8217;efficacit\u00e9 et de rapidit\u00e9. Gr\u00e2ce notamment \u00e0 une installation de flottation moderne ainsi qu\u2019\u00e0 l&#8217;installation qui effectue une s\u00e9paration aux rayons X, ARM produit de l&#8217;aluminium de flottation de haute qualit\u00e9 pour les raffineries et les fonderies.<\/p>\n\n\n\r\n\t\t<div  class=\"block-c530829a-a3f0-4219-a809-2a3bc6d88f8c row areoi-element mb-3\">\r\n\t\t\t\r\n\r\n\t\t\t\n\r\n\t\t<div  class=\"block-a6bac142-00da-485c-b62a-9c6716a9f16c col areoi-element text-center\">\r\n\t\t\t\r\n\t\t\t\n\n<div style=\"height:24px\" aria-hidden=\"true\" class=\"wp-block-spacer\"><\/div>\n\n\n\n<h2 class=\"wp-block-heading\" style=\"font-size:96px;font-style:normal;font-weight:300\">30<\/h2>\n\n\n\n<p>pays o\u00f9 nous sommes implant\u00e9s <br>et une expansion rapide<\/p>\n\n \r\n\t\t\t\r\n\t\t<\/div>\r\n\t\n\n\r\n\t\t<div  class=\"block-8d6d3d95-285e-460e-9010-e64a0ed510be col areoi-element text-center\">\r\n\t\t\t\r\n\t\t\t\n\n<div style=\"height:24px\" aria-hidden=\"true\" class=\"wp-block-spacer\"><\/div>\n\n\n\n<h2 class=\"wp-block-heading\" style=\"font-size:96px;font-style:normal;font-weight:300\">90<\/h2>\n\n\n\n<p>types de mat\u00e9riaux trait\u00e9s <br>entre l&#8217;entr\u00e9e et la sortie<\/p>\n\n \r\n\t\t\t\r\n\t\t<\/div>\r\n\t\n\n\r\n\t\t<div  class=\"block-1e7627cd-13da-400e-83d6-adc98e79d4b5 col areoi-element text-center\">\r\n\t\t\t\r\n\t\t\t\n\n<p class=\"mb-0\">Plus de<\/p>\n\n\n\n<h2 class=\"wp-block-heading\" style=\"font-size:96px;font-style:normal;font-weight:300\">5000<\/h2>\n\n\n\n<p>\u00e9chantillons pr\u00e9lev\u00e9s <br>chaque ann\u00e9e sur les mat\u00e9riaux<\/p>\n\n \r\n\t\t\t\r\n\t\t<\/div>\r\n\t\n \r\n\t\t<\/div>\r\n\t\n\n\n<p>Un service industriel n&#8217;est un v\u00e9ritable service que lorsqu&#8217;il est complet. C&#8217;est pourquoi ARM propose \u00e0 ses clients une vaste gamme de m\u00e9taux non ferreux, dont le cuivre, le laiton, le zamak, le zinc et le plomb.<br>En vue d\u2019une r\u00e9cup\u00e9ration compl\u00e8te, notre offre transversale permet au client d\u2019\u00eatre certain de trouver chez ARM un ensemble de solutions satisfaisant \u00e0 chacune de ses exigences. Fiabilit\u00e9, qualit\u00e9 et rapidit\u00e9 sont les piliers d&#8217;un service toujours \u00e0 la hauteur, en Italie comme dans tous les pays o\u00f9 ARM op\u00e8re.<\/p>\n\n\n\r\n\t\t<div  class=\"block-e0b9bdc5-b229-44fd-97ff-ccfd55930417 row areoi-element\">\r\n\t\t\t\r\n\r\n\t\t\t\n\r\n\t\t<div  class=\"block-c8c00593-aa1c-411a-87fe-d782de1d5d51 col areoi-element col-xl-3\">\r\n\t\t\t\r\n\t\t\t\n\r\n\t\t\t\t\r\n\t\t<a \r\n\t\t\t\r\n\t\t\tclass=\"block-f0de3578-0644-4d1b-99ed-2138650193c1 btn areoi-has-url position-relative rounded-pill text-uppercase btn-outline-light btn-sm\"\r\n\t href=\"https:\/\/www.assisi-spa.it\/wp-content\/uploads\/2026\/01\/01.-CODE-OF-ETHICS-ADH-ARM-ARM-REV-06.pdf\" rel=\"noreferrer noopener\" target=\"_blank\" >\r\n\t\t\t\t\t\r\n\t\t\t\t\tT\u00e9l\u00e9charger le Code d\u2019\u00e9thique \r\n\t\t\t\t\t\r\n\t\t\t<i class=\"bi-download ms-3 align-middle \" style=\"font-size: 24px;\"><\/i>\r\n\t\t\r\n\t\t\t\t\t \r\n\t\t\t\t<\/a>\r\n\t\t\t\n \r\n\t\t\t\r\n\t\t<\/div>\r\n\t\n\n\r\n\t\t<div  class=\"block-b67ea842-3b71-4c82-8992-ea7282f34418 col areoi-element col-xl-6\">\r\n\t\t\t\r\n\t\t\t\n\r\n\t\t\t\t\r\n\t\t<a \r\n\t\t\t\r\n\t\t\tclass=\"block-d05342c9-60f3-48f0-a2d1-55e5ef2a24dc btn areoi-has-url position-relative rounded-pill text-uppercase btn-outline-light btn-sm\"\r\n\t href=\"https:\/\/assisi-spa.it\/wp-content\/uploads\/2024\/02\/20.-MOG-ARM-REV.-04.pdf\" rel=\"noreferrer noopener\" target=\"_blank\" >\r\n\t\t\t\t\t\r\n\t\t\t\t\tMod\u00e8le organisationnel de gestion et de contr\u00f4le 231 \r\n\t\t\t\t\t\r\n\t\t\t<i class=\"bi-download ms-3 align-middle \" style=\"font-size: 24px;\"><\/i>\r\n\t\t\r\n\t\t\t\t\t \r\n\t\t\t\t<\/a>\r\n\t\t\t\n \r\n\t\t\t\r\n\t\t<\/div>\r\n\t\n\n\r\n\t\t<div  class=\"block-67652add-c945-4e96-a429-e87901435881 col areoi-element col-xl-3\">\r\n\t\t\t\r\n\t\t\t\n\r\n\t\t\t\t\r\n\t\t<a \r\n\t\t\t\r\n\t\t\tclass=\"block-199c2416-4709-4bca-8ebb-c451da611276 btn areoi-has-url position-relative rounded-pill text-uppercase btn-outline-light btn-sm\"\r\n\t href=\"https:\/\/assisi-spa.it\/wp-content\/uploads\/2024\/02\/PROCEDURA-WB.pdf\" rel=\"noreferrer noopener\" target=\"_blank\" >\r\n\t\t\t\t\t\r\n\t\t\t\t\tProcedura WB \r\n\t\t\t\t\t\r\n\t\t\t<i class=\"bi-download ms-3 align-middle \" style=\"font-size: 24px;\"><\/i>\r\n\t\t\r\n\t\t\t\t\t \r\n\t\t\t\t<\/a>\r\n\t\t\t\n \r\n\t\t\t\r\n\t\t<\/div>\r\n\t\n \r\n\t\t<\/div>\r\n\t\n\n\n<div style=\"height:60px\" aria-hidden=\"true\" class=\"wp-block-spacer\"><\/div>\n\n\n\n<figure class=\"wp-block-image size-full text-center\"><img loading=\"lazy\" decoding=\"async\" width=\"4961\" height=\"3508\" src=\"https:\/\/assisi-spa.it\/wp-content\/uploads\/2024\/03\/Schema-FRA.png\" alt=\"\" class=\"wp-image-2441\" srcset=\"https:\/\/www.assisi-spa.it\/wp-content\/uploads\/2024\/03\/Schema-FRA.png 4961w, https:\/\/www.assisi-spa.it\/wp-content\/uploads\/2024\/03\/Schema-FRA-300x212.png 300w, https:\/\/www.assisi-spa.it\/wp-content\/uploads\/2024\/03\/Schema-FRA-1024x724.png 1024w, https:\/\/www.assisi-spa.it\/wp-content\/uploads\/2024\/03\/Schema-FRA-768x543.png 768w, https:\/\/www.assisi-spa.it\/wp-content\/uploads\/2024\/03\/Schema-FRA-1536x1086.png 1536w, https:\/\/www.assisi-spa.it\/wp-content\/uploads\/2024\/03\/Schema-FRA-2048x1448.png 2048w\" sizes=\"auto, (max-width: 4961px) 100vw, 4961px\" \/><\/figure>\n","protected":false},"excerpt":{"rendered":"<p>Une r\u00e9f\u00e9rence dans le secteur<\/p>\n","protected":false},"author":1,"featured_media":0,"parent":0,"menu_order":2,"comment_status":"closed","ping_status":"closed","template":"","meta":{"footnotes":""},"class_list":["post-2419","page","type-page","status-publish","hentry"],"_links":{"self":[{"href":"https:\/\/www.assisi-spa.it\/fr\/wp-json\/wp\/v2\/pages\/2419","targetHints":{"allow":["GET"]}}],"collection":[{"href":"https:\/\/www.assisi-spa.it\/fr\/wp-json\/wp\/v2\/pages"}],"about":[{"href":"https:\/\/www.assisi-spa.it\/fr\/wp-json\/wp\/v2\/types\/page"}],"author":[{"embeddable":true,"href":"https:\/\/www.assisi-spa.it\/fr\/wp-json\/wp\/v2\/users\/1"}],"replies":[{"embeddable":true,"href":"https:\/\/www.assisi-spa.it\/fr\/wp-json\/wp\/v2\/comments?post=2419"}],"version-history":[{"count":5,"href":"https:\/\/www.assisi-spa.it\/fr\/wp-json\/wp\/v2\/pages\/2419\/revisions"}],"predecessor-version":[{"id":2900,"href":"https:\/\/www.assisi-spa.it\/fr\/wp-json\/wp\/v2\/pages\/2419\/revisions\/2900"}],"wp:attachment":[{"href":"https:\/\/www.assisi-spa.it\/fr\/wp-json\/wp\/v2\/media?parent=2419"}],"curies":[{"name":"wp","href":"https:\/\/api.w.org\/{rel}","templated":true}]}}