{"id":420,"date":"2022-10-04T12:07:03","date_gmt":"2022-10-04T10:07:03","guid":{"rendered":"https:\/\/arm.assisi-spa.it\/nachhaltigkeit\/"},"modified":"2025-10-16T12:38:14","modified_gmt":"2025-10-16T10:38:14","slug":"nachhaltigkeit","status":"publish","type":"page","link":"https:\/\/www.assisi-spa.it\/de\/nachhaltigkeit\/","title":{"rendered":"Nachhaltigkeit"},"content":{"rendered":"\n<p>Nachhaltigkeit im Zentrum des eigenen Wachstumsprozesses<\/p>\n\n\n\n<!--more-->\n\n\n\n<p>Die ADH-Gruppe hat die Nachhaltigkeit immer in den Mittelpunkt ihres Wachstumsprozesses gestellt, und zwar durch eine Unternehmenspolitik, die auf die Anstrebung konkreter Ziele in den Bereichen Governance, Umwelt und Gesellschaft ausgerichtet ist. Der systemische, integrative und transparente Ansatz erm\u00f6glicht es Assisi Raffineria Metalli und Assisi Recycling Maclodio, st\u00e4ndig in engem Kontakt mit allen ihren Stakeholdern zu arbeiten, um wirtschaftliches Wachstum, Umweltschutz und Respekt f\u00fcr die Gesellschaft zu verbinden.<\/p>\n\n\n\n<p>Ab 2022 hat die ADH-Gruppe beschlossen, \u00fcber die durchgef\u00fchrten Aktivit\u00e4ten und erzielten Ergebnisse zu berichten, und zwar in einer Qualit\u00e4tsproduktionskette, die immer mehr auf die Umwelt und die Menschen achtet.<\/p>\n\n\n\n<div style=\"height:20px\" aria-hidden=\"true\" class=\"wp-block-spacer\"><\/div>\n\n\n\r\n\t\t<div  class=\"block-51aad62b-b8bf-4dfd-bebf-413bd223027c row areoi-element\">\r\n\t\t\t\r\n\r\n\t\t\t\n\r\n\t\t<div  class=\"block-a86ba5c9-2a7f-435c-affc-c7a8813b6fcf col areoi-element text-left\">\r\n\t\t\t\r\n\t\t\t\n\r\n\t\t\t\t\r\n\t\t<a \r\n\t\t\t\r\n\t\t\tclass=\"block-a5e01230-bc98-42ad-b642-fafe2c360745 btn areoi-has-url position-relative rounded-pill text-uppercase mb-3 btn-outline-light Medium\"\r\n\t href=\"https:\/\/www.assisi-spa.it\/wp-content\/uploads\/2025\/10\/ADH-BdS-2024-ENG-WEB.pdf\" rel=\"noreferrer noopener\" target=\"_blank\" >\r\n\t\t\t\t\t\r\n\t\t\t\t\tNACHHALTIGKEITSBERICHT 2024 \r\n\t\t\t\t\t\r\n\t\t\t<i class=\"bi-download ms-3 align-middle \" style=\"font-size: 24px;\"><\/i>\r\n\t\t\r\n\t\t\t\t\t \r\n\t\t\t\t<\/a>\r\n\t\t\t\n \r\n\t\t\t\r\n\t\t<\/div>\r\n\t\n\n\r\n\t\t<div  class=\"block-ab4cc310-972d-4c70-8a74-e872293afac3 col areoi-element text-left\">\r\n\t\t\t\r\n\t\t\t\n\r\n\t\t\t\t\r\n\t\t<a \r\n\t\t\t\r\n\t\t\tclass=\"block-41f3577e-de5d-4d37-bd5f-ede9d797d3f6 btn areoi-has-url position-relative rounded-pill text-uppercase mb-3 btn-outline-light Medium\"\r\n\t href=\"https:\/\/www.assisi-spa.it\/wp-content\/uploads\/2025\/10\/ADH_SLIDES-Report-Sostenibilita-2024-ENG.pdf\" rel=\"noreferrer noopener\" target=\"_blank\" >\r\n\t\t\t\t\t\r\n\t\t\t\t\tHIGHLIGHTS 2024 \r\n\t\t\t\t\t\r\n\t\t\t<i class=\"bi-download ms-3 align-middle \" style=\"font-size: 24px;\"><\/i>\r\n\t\t\r\n\t\t\t\t\t \r\n\t\t\t\t<\/a>\r\n\t\t\t\n \r\n\t\t\t\r\n\t\t<\/div>\r\n\t\n\n\r\n\t\t<div  class=\"block-2fd60186-dc98-439f-a736-6640e8f2648d col areoi-element text-left\">\r\n\t\t\t\r\n\t\t\t\n\r\n\t\t\t\t\r\n\t\t<a \r\n\t\t\t\r\n\t\t\tclass=\"block-e6baa6e5-2a69-4cf2-ad64-80453eefff51 btn areoi-has-url position-relative rounded-pill text-uppercase mb-3 btn-outline-light Medium\"\r\n\t href=\"https:\/\/www.assisi-spa.it\/wp-content\/uploads\/2024\/09\/adh-bilancio-2023-eng-web-aff.pdf\" rel=\"noreferrer noopener\" target=\"_blank\" >\r\n\t\t\t\t\t\r\n\t\t\t\t\tARCHIVE \r\n\t\t\t\t\t\r\n\t\t\t<i class=\"bi-download ms-3 align-middle \" style=\"font-size: 24px;\"><\/i>\r\n\t\t\r\n\t\t\t\t\t \r\n\t\t\t\t<\/a>\r\n\t\t\t\n \r\n\t\t\t\r\n\t\t<\/div>\r\n\t\n \r\n\t\t<\/div>\r\n\t\n\n\n<div style=\"height:20px\" aria-hidden=\"true\" class=\"wp-block-spacer\"><\/div>\n\n\n\n<h2 class=\"wp-block-heading\" style=\"font-size:24px\">Zertifizierungen und Autorisierung<\/h2>\n\n\n\n<div style=\"height:30px\" aria-hidden=\"true\" class=\"wp-block-spacer\"><\/div>\n\n\n\r\n\t\t<div  class=\"block-51aad62b-b8bf-4dfd-bebf-413bd223027c row areoi-element\">\r\n\t\t\t\r\n\r\n\t\t\t\n\r\n\t\t<div  class=\"block-a86ba5c9-2a7f-435c-affc-c7a8813b6fcf col areoi-element text-center\">\r\n\t\t\t\r\n\t\t\t\n\n<figure class=\"wp-block-image size-full\"><img loading=\"lazy\" decoding=\"async\" width=\"120\" height=\"120\" src=\"https:\/\/www.assisi-spa.it\/wp-content\/uploads\/2024\/07\/14001-ITA.png\" alt=\"\" class=\"wp-image-2534\"\/><\/figure>\n\n\n\r\n\t\t\t\t\r\n\t\t<a \r\n\t\t\t\r\n\t\t\tclass=\"block-a5e01230-bc98-42ad-b642-fafe2c360745 btn areoi-has-url position-relative rounded-pill text-uppercase mb-3 mx-auto btn-outline-light Medium\"\r\n\t href=\"https:\/\/assisi-spa.it\/wp-content\/uploads\/2024\/02\/Certificato-20517.pdf\" rel=\"noreferrer noopener\" target=\"_blank\" >\r\n\t\t\t\t\t\r\n\t\t\t\t\tISO 14001 \r\n\t\t\t\t\t\r\n\t\t\t<i class=\"bi-download ms-3 align-middle \" style=\"font-size: 24px;\"><\/i>\r\n\t\t\r\n\t\t\t\t\t \r\n\t\t\t\t<\/a>\r\n\t\t\t\n\n\r\n\t\t\t\t\r\n\t\t<a \r\n\t\t\t\r\n\t\t\tclass=\"block-cf28a190-4de2-44ea-98fb-0380a41ff17d btn areoi-has-url position-relative rounded-pill text-uppercase mb-3 btn-outline-light Medium\"\r\n\t href=\"https:\/\/assisi-spa.it\/wp-content\/uploads\/2024\/02\/ATTO_3725_2023_timbro.pdf\" rel=\"noreferrer noopener\" target=\"_blank\" >\r\n\t\t\t\t\t\r\n\t\t\t\t\tVerwaltungsgesetz Nr. 3725 \r\n\t\t\t\t\t\r\n\t\t\t<i class=\"bi-download ms-3 align-middle \" style=\"font-size: 24px;\"><\/i>\r\n\t\t\r\n\t\t\t\t\t \r\n\t\t\t\t<\/a>\r\n\t\t\t\n \r\n\t\t\t\r\n\t\t<\/div>\r\n\t\n\n\r\n\t\t<div  class=\"block-ab4cc310-972d-4c70-8a74-e872293afac3 col areoi-element text-center\">\r\n\t\t\t\r\n\t\t\t\n\n<figure class=\"wp-block-image size-full text-center\"><img loading=\"lazy\" decoding=\"async\" width=\"120\" height=\"120\" src=\"https:\/\/www.assisi-spa.it\/wp-content\/uploads\/2024\/07\/9001-ITA.png\" alt=\"\" class=\"wp-image-2530\"\/><\/figure>\n\n\n\r\n\t\t\t\t\r\n\t\t<a \r\n\t\t\t\r\n\t\t\tclass=\"block-6ebd7256-568a-44c7-bd1a-5cb2f6511c61 btn areoi-has-url position-relative rounded-pill text-uppercase mb-3  mx-auto btn-outline-light Medium\"\r\n\t href=\"https:\/\/assisi-spa.it\/wp-content\/uploads\/2024\/02\/Certificato-17971.pdf\" rel=\"noreferrer noopener\" target=\"_blank\" >\r\n\t\t\t\t\t\r\n\t\t\t\t\tISO 9001 \r\n\t\t\t\t\t\r\n\t\t\t<i class=\"bi-download ms-3 align-middle \" style=\"font-size: 24px;\"><\/i>\r\n\t\t\r\n\t\t\t\t\t \r\n\t\t\t\t<\/a>\r\n\t\t\t\n\n\r\n\t\t\t\t\r\n\t\t<a \r\n\t\t\t\r\n\t\t\tclass=\"block-5c0ca4b5-dcf5-4d8b-be2a-9c6e20aaeb30 btn areoi-has-url position-relative rounded-pill text-uppercase mb-3 btn-outline-light Medium\"\r\n\t href=\"https:\/\/www.assisi-spa.it\/wp-content\/uploads\/2025\/03\/Certificato-N.23522-Regolamento-UE-n.333-2011-2025.pdf\" rel=\"noreferrer noopener\" target=\"_blank\" >\r\n\t\t\t\t\t\r\n\t\t\t\t\tVerordnung UE n.333-2011 \r\n\t\t\t\t\t\r\n\t\t\t<i class=\"bi-download ms-3 align-middle \" style=\"font-size: 24px;\"><\/i>\r\n\t\t\r\n\t\t\t\t\t \r\n\t\t\t\t<\/a>\r\n\t\t\t\n \r\n\t\t\t\r\n\t\t<\/div>\r\n\t\n\n\r\n\t\t<div  class=\"block-a86ba5c9-2a7f-435c-affc-c7a8813b6fcf col areoi-element\">\r\n\t\t\t\r\n\t\t\t\n\n<figure class=\"wp-block-image size-full text-center\"><img loading=\"lazy\" decoding=\"async\" width=\"84\" height=\"86\" src=\"https:\/\/assisi-spa.it\/wp-content\/uploads\/2024\/02\/Logo-IGQ.png\" alt=\"\" class=\"wp-image-2172\"\/><\/figure>\n\n \r\n\t\t\t\r\n\t\t<\/div>\r\n\t\n \r\n\t\t<\/div>\r\n\t","protected":false},"excerpt":{"rendered":"<p>Nachhaltigkeit im Zentrum des eigenen Wachstumsprozesses<\/p>\n","protected":false},"author":1,"featured_media":0,"parent":0,"menu_order":4,"comment_status":"closed","ping_status":"closed","template":"","meta":{"footnotes":""},"class_list":["post-420","page","type-page","status-publish","hentry"],"_links":{"self":[{"href":"https:\/\/www.assisi-spa.it\/de\/wp-json\/wp\/v2\/pages\/420","targetHints":{"allow":["GET"]}}],"collection":[{"href":"https:\/\/www.assisi-spa.it\/de\/wp-json\/wp\/v2\/pages"}],"about":[{"href":"https:\/\/www.assisi-spa.it\/de\/wp-json\/wp\/v2\/types\/page"}],"author":[{"embeddable":true,"href":"https:\/\/www.assisi-spa.it\/de\/wp-json\/wp\/v2\/users\/1"}],"replies":[{"embeddable":true,"href":"https:\/\/www.assisi-spa.it\/de\/wp-json\/wp\/v2\/comments?post=420"}],"version-history":[{"count":45,"href":"https:\/\/www.assisi-spa.it\/de\/wp-json\/wp\/v2\/pages\/420\/revisions"}],"predecessor-version":[{"id":2724,"href":"https:\/\/www.assisi-spa.it\/de\/wp-json\/wp\/v2\/pages\/420\/revisions\/2724"}],"wp:attachment":[{"href":"https:\/\/www.assisi-spa.it\/de\/wp-json\/wp\/v2\/media?parent=420"}],"curies":[{"name":"wp","href":"https:\/\/api.w.org\/{rel}","templated":true}]}}