{"id":418,"date":"2022-10-04T12:06:23","date_gmt":"2022-10-04T10:06:23","guid":{"rendered":"https:\/\/arm.assisi-spa.it\/die-produktionskette\/"},"modified":"2024-03-05T12:02:21","modified_gmt":"2024-03-05T11:02:21","slug":"die-produktionskette","status":"publish","type":"page","link":"https:\/\/www.assisi-spa.it\/de\/die-produktionskette\/","title":{"rendered":"Produkte"},"content":{"rendered":"\n<p>Ein Rundumservice neben Aluminium<\/p>\n\n<!--more-->\n\n<p>Das Angebot umfasst Prim\u00e4r- und Sekund\u00e4raluminiumschrott und -End-of-Waste, das zerkleinert, flotiert und getrocknet geliefert werden, wie z. B. Platten, Profile, Geh\u00e4use, Dosen, K\u00fchler und alles, was f\u00fcr die Herstellung von Prim\u00e4r- und Sekund\u00e4rbarren, Kn\u00fcppeln und Gussst\u00fccken erforderlich ist. Insbesondere dank der modernen Flotationsanlage und der k\u00fcrzlich erfolgten Aktivierung der X-RAY-Trennung produziert ARM hochwertiges Flotationsaluminium f\u00fcr Raffinerien und H\u00fctten.<\/p>\n\r\n\t\t<div  class=\"block-504ec2df-d343-4e4a-acb8-fd56f6607b56 row areoi-element\">\r\n\t\t\t\r\n\r\n\t\t\t\n\r\n\t\t<div  class=\"block-4408ffe2-485d-4c3b-b276-8faf8e85b063 col areoi-element\">\r\n\t\t\t\r\n\t\t\t\n\n<ul class=\"wp-block-list\">\n<li>ZORBA (Nichteisenmetallschrott)<\/li>\n\n\n\n<li>ZORBA AUS VERBRENNUNGSANLAGE<\/li>\n\n\n\n<li>ALUMINIUMGEH\u00c4USE \/ BLECH \/ MISTONE<\/li>\n\n\n\n<li>PROFILE<\/li>\n\n\n\n<li>GEMISCHTE METALLE<\/li>\n\n\n\n<li>PRODULTIONSABF\u00c4LLE<\/li>\n<\/ul>\n\n \r\n\t\t\t\r\n\t\t<\/div>\r\n\t\n\n\r\n\t\t<div  class=\"block-ad315540-390a-441f-88bb-39a0ffb7fba7 col areoi-element\">\r\n\t\t\t\r\n\t\t\t\n\n<ul class=\"wp-block-list\">\n<li>AUTOMOTOREN<\/li>\n\n\n\n<li>ALUFELGEN<\/li>\n\n\n\n<li>ALUMINIUM- UND KUPFERRADIATOREN<\/li>\n\n\n\n<li>ALUMINIUM ABDREHSP\u00c4NE<\/li>\n\n\n\n<li>&#8230; &#8230; UND VIELES MEHR! KONTAKTIEREN SIE UNS<br\/><a href=\"mailto:acquisti@assisi-spa.it\">acquisti@assisi-spa.it<\/a><\/li>\n<\/ul>\n\n \r\n\t\t\t\r\n\t\t<\/div>\r\n\t\n \r\n\t\t<\/div>\r\n\t","protected":false},"excerpt":{"rendered":"<p>Ein Rundumservice neben Aluminium<\/p>\n","protected":false},"author":1,"featured_media":0,"parent":0,"menu_order":3,"comment_status":"closed","ping_status":"closed","template":"","meta":{"footnotes":""},"class_list":["post-418","page","type-page","status-publish","hentry"],"_links":{"self":[{"href":"https:\/\/www.assisi-spa.it\/de\/wp-json\/wp\/v2\/pages\/418","targetHints":{"allow":["GET"]}}],"collection":[{"href":"https:\/\/www.assisi-spa.it\/de\/wp-json\/wp\/v2\/pages"}],"about":[{"href":"https:\/\/www.assisi-spa.it\/de\/wp-json\/wp\/v2\/types\/page"}],"author":[{"embeddable":true,"href":"https:\/\/www.assisi-spa.it\/de\/wp-json\/wp\/v2\/users\/1"}],"replies":[{"embeddable":true,"href":"https:\/\/www.assisi-spa.it\/de\/wp-json\/wp\/v2\/comments?post=418"}],"version-history":[{"count":15,"href":"https:\/\/www.assisi-spa.it\/de\/wp-json\/wp\/v2\/pages\/418\/revisions"}],"predecessor-version":[{"id":2281,"href":"https:\/\/www.assisi-spa.it\/de\/wp-json\/wp\/v2\/pages\/418\/revisions\/2281"}],"wp:attachment":[{"href":"https:\/\/www.assisi-spa.it\/de\/wp-json\/wp\/v2\/media?parent=418"}],"curies":[{"name":"wp","href":"https:\/\/api.w.org\/{rel}","templated":true}]}}