{"id":416,"date":"2022-10-04T12:05:32","date_gmt":"2022-10-04T10:05:32","guid":{"rendered":"https:\/\/arm.assisi-spa.it\/qualitaet\/"},"modified":"2026-01-23T10:33:33","modified_gmt":"2026-01-23T09:33:33","slug":"qualitaet","status":"publish","type":"page","link":"https:\/\/www.assisi-spa.it\/de\/qualitaet\/","title":{"rendered":"PRODUKTIONSKETTE"},"content":{"rendered":"<h3>Ein Referenzpunkt f\u00fcr die Branche<br \/><!--more--><\/h3>\n\n\n<p>Assisi Raffineria Metalli ist ein Referenzpunkt in der Kette der Nichteisenmetalle. Die Industrialisierung der Auswahl und Sortierung von Rohstoffen, die die internationalen Str\u00f6me abfangen, stellt den prim\u00e4ren Knotenpunkt dar, der in der Lage ist, der gesamten metallurgischen Kette einen Wert zu verleihen.<\/p>\n\n\n\n<p>Auf den Weltm\u00e4rkten mit einer modernen Anlagen- und Organisationsstruktur und einer Solidit\u00e4t, die sich aus mehr als einem halben Jahrhundert Erfahrung ergibt, spielt ARM die Rolle eines wertvollen Bindeglieds, das in der Lage ist, Produktionszyklen zu aktivieren und dem Metall neues Leben einzuhauchen.<\/p>\n\n\n\n<h3 class=\"wp-block-heading\">Technologie und Qualit\u00e4t f\u00fcr die kontrollierte Produktionskette<\/h3>\n\n\n\n<p>ARM sammelt und sortiert Aluminium f\u00fcr Veredelungs- oder Verh\u00fcttungsprozesse, um seinen Kunden die beste Mischung aus Qualit\u00e4t, Effizienz und Geschwindigkeit zu bieten. Insbesondere dank der modernen Flotationsanlage und der k\u00fcrzlich erfolgten Installation der X-RAY-Trennung produziert ARM hochwertiges Flotationsaluminium f\u00fcr Raffinerien und Schmelzwerke.<\/p>\n\n\n\r\n\t\t<div  class=\"block-c530829a-a3f0-4219-a809-2a3bc6d88f8c row areoi-element mb-3\">\r\n\t\t\t\r\n\r\n\t\t\t\n\r\n\t\t<div  class=\"block-a6bac142-00da-485c-b62a-9c6716a9f16c col areoi-element text-center\">\r\n\t\t\t\r\n\t\t\t\n\n<div style=\"height:24px\" aria-hidden=\"true\" class=\"wp-block-spacer\"><\/div>\n\n\n\n<h2 class=\"wp-block-heading\" style=\"font-size:96px;font-style:normal;font-weight:300\">30<\/h2>\n\n\n\n<p>L\u00e4nder, in denen wir t\u00e4tig <br>sind und schnell expandieren<\/p>\n\n \r\n\t\t\t\r\n\t\t<\/div>\r\n\t\n\n\r\n\t\t<div  class=\"block-8d6d3d95-285e-460e-9010-e64a0ed510be col areoi-element text-center\">\r\n\t\t\t\r\n\t\t\t\n\n<div style=\"height:24px\" aria-hidden=\"true\" class=\"wp-block-spacer\"><\/div>\n\n\n\n<h2 class=\"wp-block-heading\" style=\"font-size:96px;font-style:normal;font-weight:300\">90<\/h2>\n\n\n\n<p>Arten von Material, <br>das zwischen Eingang und Ausgang verarbeitet werden<\/p>\n\n \r\n\t\t\t\r\n\t\t<\/div>\r\n\t\n\n\r\n\t\t<div  class=\"block-1e7627cd-13da-400e-83d6-adc98e79d4b5 col areoi-element text-center\">\r\n\t\t\t\r\n\t\t\t\n\n<p class=\"mb-0\">\u00dcber<\/p>\n\n\n\n<h2 class=\"wp-block-heading\" style=\"font-size:96px;font-style:normal;font-weight:300\">5000<\/h2>\n\n\n\n<p>Proben in einem Jahr, <br>die am Material durchgef\u00fchrt werden<\/p>\n\n \r\n\t\t\t\r\n\t\t<\/div>\r\n\t\n \r\n\t\t<\/div>\r\n\t\n\n\n<p>Eine industrielle Dienstleistung ist nur dann eine echte Dienstleistung, wenn sie vollst\u00e4ndig ist. Aus diesem Grund bietet ARM seinen Kunden im Rahmen der R\u00fcckgewinnung aller Metallfraktionen eine breite Palette von Nichteisenmetallen wie Kupfer, Messing, Zamak, Zink und Blei an.<br>Im Hinblick auf die ganzheitliche Verwertung stellt die Breite des Angebots f\u00fcr den Kunden die Garantie dar, bei ARM eine Auswahl an L\u00f6sungen zu finden, um jede spezifische Anfrage zu erf\u00fcllen. Zuverl\u00e4ssigkeit, Qualit\u00e4t und Schnelligkeit sind die Konstanten einer Dienstleistung, die immer auf der H\u00f6he der Zeit ist, sowohl in Italien als auch in allen L\u00e4ndern, in denen ARM t\u00e4tig ist.<\/p>\n\n\n\r\n\t\t<div  class=\"block-e0b9bdc5-b229-44fd-97ff-ccfd55930417 row areoi-element\">\r\n\t\t\t\r\n\r\n\t\t\t\n\r\n\t\t<div  class=\"block-c8c00593-aa1c-411a-87fe-d782de1d5d51 col areoi-element\">\r\n\t\t\t\r\n\t\t\t\n\r\n\t\t\t\t\r\n\t\t<a \r\n\t\t\t\r\n\t\t\tclass=\"block-f0de3578-0644-4d1b-99ed-2138650193c1 btn areoi-has-url position-relative rounded-pill text-uppercase btn-outline-light btn-sm\"\r\n\t href=\"https:\/\/www.assisi-spa.it\/wp-content\/uploads\/2026\/01\/01.-CODE-OF-ETHICS-ADH-ARM-ARM-REV-06.pdf\" rel=\"noreferrer noopener\" target=\"_blank\" >\r\n\t\t\t\t\t\r\n\t\t\t\t\tLaden Sie den Verhaltenskodex herunter \r\n\t\t\t\t\t\r\n\t\t\t<i class=\"bi-download ms-3 align-middle \" style=\"font-size: 24px;\"><\/i>\r\n\t\t\r\n\t\t\t\t\t \r\n\t\t\t\t<\/a>\r\n\t\t\t\n \r\n\t\t\t\r\n\t\t<\/div>\r\n\t\n\n\r\n\t\t<div  class=\"block-b67ea842-3b71-4c82-8992-ea7282f34418 col areoi-element\">\r\n\t\t\t\r\n\t\t\t \r\n\t\t\t\r\n\t\t<\/div>\r\n\t\n \r\n\t\t<\/div>\r\n\t\n\n\n<div style=\"height:60px\" aria-hidden=\"true\" class=\"wp-block-spacer\"><\/div>\n\n\n\n<figure class=\"wp-block-image size-full text-center\"><img loading=\"lazy\" decoding=\"async\" width=\"1770\" height=\"957\" src=\"https:\/\/assisi-spa.it\/wp-content\/uploads\/2024\/02\/Schema-TED.png\" alt=\"\" class=\"wp-image-2296\" srcset=\"https:\/\/www.assisi-spa.it\/wp-content\/uploads\/2024\/02\/Schema-TED.png 1770w, https:\/\/www.assisi-spa.it\/wp-content\/uploads\/2024\/02\/Schema-TED-300x162.png 300w, https:\/\/www.assisi-spa.it\/wp-content\/uploads\/2024\/02\/Schema-TED-1024x554.png 1024w, https:\/\/www.assisi-spa.it\/wp-content\/uploads\/2024\/02\/Schema-TED-768x415.png 768w, https:\/\/www.assisi-spa.it\/wp-content\/uploads\/2024\/02\/Schema-TED-1536x830.png 1536w\" sizes=\"auto, (max-width: 1770px) 100vw, 1770px\" \/><\/figure>\n","protected":false},"excerpt":{"rendered":"<p>Ein Referenzpunkt f\u00fcr die Branche<\/p>\n","protected":false},"author":1,"featured_media":0,"parent":0,"menu_order":2,"comment_status":"closed","ping_status":"closed","template":"","meta":{"footnotes":""},"class_list":["post-416","page","type-page","status-publish","hentry"],"_links":{"self":[{"href":"https:\/\/www.assisi-spa.it\/de\/wp-json\/wp\/v2\/pages\/416","targetHints":{"allow":["GET"]}}],"collection":[{"href":"https:\/\/www.assisi-spa.it\/de\/wp-json\/wp\/v2\/pages"}],"about":[{"href":"https:\/\/www.assisi-spa.it\/de\/wp-json\/wp\/v2\/types\/page"}],"author":[{"embeddable":true,"href":"https:\/\/www.assisi-spa.it\/de\/wp-json\/wp\/v2\/users\/1"}],"replies":[{"embeddable":true,"href":"https:\/\/www.assisi-spa.it\/de\/wp-json\/wp\/v2\/comments?post=416"}],"version-history":[{"count":7,"href":"https:\/\/www.assisi-spa.it\/de\/wp-json\/wp\/v2\/pages\/416\/revisions"}],"predecessor-version":[{"id":2901,"href":"https:\/\/www.assisi-spa.it\/de\/wp-json\/wp\/v2\/pages\/416\/revisions\/2901"}],"wp:attachment":[{"href":"https:\/\/www.assisi-spa.it\/de\/wp-json\/wp\/v2\/media?parent=416"}],"curies":[{"name":"wp","href":"https:\/\/api.w.org\/{rel}","templated":true}]}}