{"id":414,"date":"2022-10-05T23:52:31","date_gmt":"2022-10-05T21:52:31","guid":{"rendered":"https:\/\/arm.assisi-spa.it\/home\/"},"modified":"2024-02-27T12:45:21","modified_gmt":"2024-02-27T11:45:21","slug":"home","status":"publish","type":"page","link":"https:\/\/www.assisi-spa.it\/de\/home\/","title":{"rendered":"\u00dcBER UNS"},"content":{"rendered":"\n<p style=\"font-size:1.6em\">Industrielle St\u00e4rke durch Erfahrung<\/p>\n\n\n<p><!--more--><\/p>\n\n\r\n\t\t<div  class=\"block-5dccb503-7c6b-48d9-b871-71d7668aafe4 row areoi-element\">\r\n\t\t\t\r\n\r\n\t\t\t\n\r\n\t\t<div  class=\"block-c136c74e-bc97-4d56-8dcf-d06a546d9284 col areoi-element\">\r\n\t\t\t\r\n\t\t\t\n\n<p>Die Geschichte von Assisi Raffineria Metalli ist eine Geschichte der Leidenschaft f\u00fcr die Arbeit in einem Kontext, der von Sarezzo (BS), im Val Trompia, das immer ein metallurgisches Gebiet im Dienste der Industrie war.<\/p>\n\n\n\n<p>Es war Mario Assisi, der Gr\u00fcnder, der in den 1960er Jahren als Unternehmen f\u00fcr die Veredelung von Messing. Zehn Jahre sp\u00e4ter f\u00fchrte die Expansion zu einem Umzug in einen neuen und gr\u00f6\u00dferen Industriekomplex. Die fortschreitende Spezialisierung auf die Sortierung und Auswahl von Metallschrott, haupts\u00e4chlich Aluminium, wurde bereits in den 1980er Jahren zum Kerngesch\u00e4ft des Unternehmens.<\/p>\n\n\n\n<p>Heute ist ARM, das zusammen mit Assisi Recycling Maclodio ein integraler Bestandteil der Advance Holding ist, ein national und international bekannter und anerkannter Akteur.<\/p>\n\n\n\n<p>Die Zugeh\u00f6rigkeit zur Gruppe Advance Holding im Jahr 2019 hat das organisatorische und qualitative Wachstum des Unternehmens dank der innerhalb der Gruppe geschaffenen Synergien in der Lieferkette beschleunigt. In den letzten Jahren wurden Anstrengungen unternommen, um die Qualit\u00e4tspalette durch die Anpassung des bestehenden Werks mit der Produktion von Halbzeug und Prim\u00e4rlegierungen zu erweitern.<\/p>\n\n \r\n\t\t\t\r\n\t\t<\/div>\r\n\t\n \r\n\t\t<\/div>\r\n\t\n\n\r\n\t\t<div  class=\"block-f13735d5-0c44-4997-b41c-a39297f0a87a row areoi-element\">\r\n\t\t\t\r\n\r\n\t\t\t\n\r\n\t\t<div  class=\"block-7f9de41a-abe1-449a-9c63-96263ba59dfe col areoi-element text-center px-3\">\r\n\t\t\t\r\n\t\t\t\n\n<div style=\"height:60px\" aria-hidden=\"true\" class=\"wp-block-spacer\"><\/div>\n\n \r\n\t\t\t\r\n\t\t<\/div>\r\n\t\n \r\n\t\t<\/div>\r\n\t\n\n\r\n\t\t<div  class=\"block-ed14b55a-2f79-49e9-8bf3-0b7f8bedf317 row areoi-element\">\r\n\t\t\t\r\n\r\n\t\t\t\n\r\n\t\t<div  class=\"block-160492d1-b3a7-4750-b76f-065f60849b82 col areoi-element text-center px-3\">\r\n\t\t\t\r\n\t\t\t\n\n<figure class=\"wp-block-image size-full is-resized mb-4\"><img loading=\"lazy\" decoding=\"async\" width=\"157\" height=\"208\" src=\"https:\/\/assisi-spa.it\/wp-content\/uploads\/2024\/02\/Logo1-TED.png\" alt=\"\" class=\"wp-image-2327\" style=\"width:auto;height:208px\"\/><\/figure>\n\n \r\n\t\t\t\r\n\t\t<\/div>\r\n\t\n\n\r\n\t\t<div  class=\"block-8036db5d-0434-457d-adde-db0bd5061be1 col areoi-element text-center px-3\">\r\n\t\t\t\r\n\t\t\t\n\n<figure class=\"wp-block-image size-full is-resized mb-4\"><img loading=\"lazy\" decoding=\"async\" width=\"177\" height=\"130\" src=\"https:\/\/assisi-spa.it\/wp-content\/uploads\/2024\/02\/Logo2-TED.png\" alt=\"\" class=\"wp-image-2331\" style=\"width:auto;height:130px\"\/><\/figure>\n\n \r\n\t\t\t\r\n\t\t<\/div>\r\n\t\n\n\r\n\t\t<div  class=\"block-be516375-5471-4b2e-bfac-d88a2d63fdc4 col areoi-element text-center px-3\">\r\n\t\t\t\r\n\t\t\t\n\n<figure class=\"wp-block-image size-full is-resized mb-4\"><img loading=\"lazy\" decoding=\"async\" width=\"177\" height=\"160\" src=\"https:\/\/assisi-spa.it\/wp-content\/uploads\/2024\/02\/Logo3-TED.png\" alt=\"\" class=\"wp-image-2335\" style=\"object-fit:cover;width:177px;height:160px\"\/><\/figure>\n\n \r\n\t\t\t\r\n\t\t<\/div>\r\n\t\n \r\n\t\t<\/div>\r\n\t","protected":false},"excerpt":{"rendered":"<p>Industrielle St\u00e4rke durch Erfahrung<\/p>\n","protected":false},"author":1,"featured_media":0,"parent":0,"menu_order":1,"comment_status":"closed","ping_status":"closed","template":"","meta":{"footnotes":""},"class_list":["post-414","page","type-page","status-publish","hentry"],"_links":{"self":[{"href":"https:\/\/www.assisi-spa.it\/de\/wp-json\/wp\/v2\/pages\/414","targetHints":{"allow":["GET"]}}],"collection":[{"href":"https:\/\/www.assisi-spa.it\/de\/wp-json\/wp\/v2\/pages"}],"about":[{"href":"https:\/\/www.assisi-spa.it\/de\/wp-json\/wp\/v2\/types\/page"}],"author":[{"embeddable":true,"href":"https:\/\/www.assisi-spa.it\/de\/wp-json\/wp\/v2\/users\/1"}],"replies":[{"embeddable":true,"href":"https:\/\/www.assisi-spa.it\/de\/wp-json\/wp\/v2\/comments?post=414"}],"version-history":[{"count":14,"href":"https:\/\/www.assisi-spa.it\/de\/wp-json\/wp\/v2\/pages\/414\/revisions"}],"predecessor-version":[{"id":2343,"href":"https:\/\/www.assisi-spa.it\/de\/wp-json\/wp\/v2\/pages\/414\/revisions\/2343"}],"wp:attachment":[{"href":"https:\/\/www.assisi-spa.it\/de\/wp-json\/wp\/v2\/media?parent=414"}],"curies":[{"name":"wp","href":"https:\/\/api.w.org\/{rel}","templated":true}]}}